{"id":2,"date":"2023-05-17T01:17:30","date_gmt":"2023-05-16T22:17:30","guid":{"rendered":"https:\/\/blog.etecommerce.com\/?page_id=2"},"modified":"2023-05-21T02:11:13","modified_gmt":"2023-05-20T23:11:13","slug":"gelismis-e-ticaret-entegrasyonu","status":"publish","type":"page","link":"https:\/\/www.etecommerce.com\/Blog\/gelismis-e-ticaret-entegrasyonu","title":{"rendered":"Geli\u015fmi\u015f E-Ticaret Entegrasyonu"},"content":{"rendered":"\n<p>E\u011fer profesyonel bir E-ticaret entegrasyonuna ihtiyac\u0131n\u0131z varsa, bulut tabanl\u0131 bir yaz\u0131l\u0131m olan TamEntegre&#8217;yi kullanabilirsiniz.<\/p>\n\n\n\n<blockquote class=\"wp-block-quote is-layout-flow wp-block-quote-is-layout-flow\">\n<p>TamEntegre&#8217;ye gitmek i\u00e7in t\u0131klay\u0131n\u0131z : <a rel=\"noreferrer noopener\" href=\"https:\/\/docs.google.com\/forms\/d\/18IuhNKEL0IZ4csrQm0dlCkb0ApjputhjkbMpFvA5cRI\/\" target=\"_blank\">https:\/\/www.tamentegre.com<\/a><\/p>\n<\/blockquote>\n","protected":false},"excerpt":{"rendered":"<p>E\u011fer profesyonel bir E-ticaret entegrasyonuna ihtiyac\u0131n\u0131z varsa, bulut tabanl\u0131 bir yaz\u0131l\u0131m olan TamEntegre&#8217;yi kullanabilirsiniz. TamEntegre&#8217;ye gitmek i\u00e7in t\u0131klay\u0131n\u0131z : https:\/\/www.tamentegre.com<\/p>\n","protected":false},"author":1,"featured_media":0,"parent":0,"menu_order":0,"comment_status":"closed","ping_status":"closed","template":"","meta":{"footnotes":""},"class_list":["post-2","page","type-page","status-publish","hentry"],"_links":{"self":[{"href":"https:\/\/www.etecommerce.com\/Blog\/wp-json\/wp\/v2\/pages\/2","targetHints":{"allow":["GET"]}}],"collection":[{"href":"https:\/\/www.etecommerce.com\/Blog\/wp-json\/wp\/v2\/pages"}],"about":[{"href":"https:\/\/www.etecommerce.com\/Blog\/wp-json\/wp\/v2\/types\/page"}],"author":[{"embeddable":true,"href":"https:\/\/www.etecommerce.com\/Blog\/wp-json\/wp\/v2\/users\/1"}],"replies":[{"embeddable":true,"href":"https:\/\/www.etecommerce.com\/Blog\/wp-json\/wp\/v2\/comments?post=2"}],"version-history":[{"count":2,"href":"https:\/\/www.etecommerce.com\/Blog\/wp-json\/wp\/v2\/pages\/2\/revisions"}],"predecessor-version":[{"id":24,"href":"https:\/\/www.etecommerce.com\/Blog\/wp-json\/wp\/v2\/pages\/2\/revisions\/24"}],"wp:attachment":[{"href":"https:\/\/www.etecommerce.com\/Blog\/wp-json\/wp\/v2\/media?parent=2"}],"curies":[{"name":"wp","href":"https:\/\/api.w.org\/{rel}","templated":true}]}}